{"id":11,"date":"2026-03-22T17:23:07","date_gmt":"2026-03-22T17:23:07","guid":{"rendered":"https:\/\/www.parcabayim.com.tr\/app\/iletisim\/"},"modified":"2026-04-02T09:09:12","modified_gmt":"2026-04-02T09:09:12","slug":"ariza-kodu-ekle","status":"publish","type":"page","link":"https:\/\/www.parcabayim.com.tr\/app\/ariza-kodu-ekle\/","title":{"rendered":"Ar\u0131za Kodu ekle"},"content":{"rendered":"\n<h2 class=\"wp-block-heading\">Sitemizde Olmayan Ar\u0131za Kodlar\u0131 Eklemek i\u00e7in lan olu\u015fturldu Elinizde Olan Ar\u0131za Kodlar\u0131 Eklemek icin \u0130lke T\u0131klay\u0131n<\/h2>\n\n\n\n<div class=\"wp-block-buttons is-layout-flex wp-block-buttons-is-layout-flex\">\n<div class=\"wp-block-button\"><a class=\"wp-block-button__link wp-element-button\" href=\"\/app\/ekle\">Ar\u0131za Kodu ekle<\/a><\/div>\n<\/div>\n\n\n\n<p><\/p>\n","protected":false},"excerpt":{"rendered":"<p>Sitemizde Olmayan Ar\u0131za Kodlar\u0131 Eklemek i\u00e7in lan olu\u015fturldu Elinizde Olan Ar\u0131za Kodlar\u0131 Eklemek icin \u0130lke T\u0131klay\u0131n<\/p>\n","protected":false},"author":1,"featured_media":0,"parent":0,"menu_order":0,"comment_status":"closed","ping_status":"closed","template":"","meta":{"footnotes":""},"class_list":["post-11","page","type-page","status-publish","hentry"],"_links":{"self":[{"href":"https:\/\/www.parcabayim.com.tr\/app\/wp-json\/wp\/v2\/pages\/11","targetHints":{"allow":["GET"]}}],"collection":[{"href":"https:\/\/www.parcabayim.com.tr\/app\/wp-json\/wp\/v2\/pages"}],"about":[{"href":"https:\/\/www.parcabayim.com.tr\/app\/wp-json\/wp\/v2\/types\/page"}],"author":[{"embeddable":true,"href":"https:\/\/www.parcabayim.com.tr\/app\/wp-json\/wp\/v2\/users\/1"}],"replies":[{"embeddable":true,"href":"https:\/\/www.parcabayim.com.tr\/app\/wp-json\/wp\/v2\/comments?post=11"}],"version-history":[{"count":3,"href":"https:\/\/www.parcabayim.com.tr\/app\/wp-json\/wp\/v2\/pages\/11\/revisions"}],"predecessor-version":[{"id":720,"href":"https:\/\/www.parcabayim.com.tr\/app\/wp-json\/wp\/v2\/pages\/11\/revisions\/720"}],"wp:attachment":[{"href":"https:\/\/www.parcabayim.com.tr\/app\/wp-json\/wp\/v2\/media?parent=11"}],"curies":[{"name":"wp","href":"https:\/\/api.w.org\/{rel}","templated":true}]}}